{"id":754,"date":"2024-06-05T16:36:31","date_gmt":"2024-06-05T14:36:31","guid":{"rendered":"https:\/\/laparenthesecognac.fr\/?page_id=754"},"modified":"2024-12-12T15:55:09","modified_gmt":"2024-12-12T14:55:09","slug":"politique-de-remboursement-et-de-retour","status":"publish","type":"page","link":"https:\/\/laparenthesecognac.fr\/en\/politique-de-remboursement-et-de-retour\/","title":{"rendered":"Politique de remboursement et de retour"},"content":{"rendered":"<div data-elementor-type=\"wp-page\" data-elementor-id=\"754\" class=\"elementor elementor-754\">\n\t\t\t\t<div class=\"elementor-element elementor-element-f5fc3cf e-con-full e-flex e-con e-parent\" data-id=\"f5fc3cf\" data-element_type=\"container\" data-e-type=\"container\" data-settings=\"{&quot;background_background&quot;:&quot;classic&quot;}\">\n\t\t\t\t<div class=\"elementor-element elementor-element-f9ef54d elementor-widget elementor-widget-spacer\" data-id=\"f9ef54d\" data-element_type=\"widget\" data-e-type=\"widget\" data-widget_type=\"spacer.default\">\n\t\t\t\t<div class=\"elementor-widget-container\">\n\t\t\t\t\t\t\t<div class=\"elementor-spacer\">\n\t\t\t<div class=\"elementor-spacer-inner\"><\/div>\n\t\t<\/div>\n\t\t\t\t\t\t<\/div>\n\t\t\t\t<\/div>\n\t\t\t\t<div class=\"elementor-element elementor-element-e69691d elementor-widget elementor-widget-heading\" data-id=\"e69691d\" data-element_type=\"widget\" data-e-type=\"widget\" data-widget_type=\"heading.default\">\n\t\t\t\t<div class=\"elementor-widget-container\">\n\t\t\t\t\t<h2 class=\"elementor-heading-title elementor-size-default\">- Politique de remboursement et de retour -<\/h2>\t\t\t\t<\/div>\n\t\t\t\t<\/div>\n\t\t\t\t<\/div>\n\t\t<div class=\"elementor-element elementor-element-65524b7 e-flex e-con-boxed e-con e-parent\" data-id=\"65524b7\" data-element_type=\"container\" data-e-type=\"container\">\n\t\t\t\t\t<div class=\"e-con-inner\">\n\t\t\t\t<div class=\"elementor-element elementor-element-a90d718 elementor-widget elementor-widget-spacer\" data-id=\"a90d718\" data-element_type=\"widget\" data-e-type=\"widget\" data-widget_type=\"spacer.default\">\n\t\t\t\t<div class=\"elementor-widget-container\">\n\t\t\t\t\t\t\t<div class=\"elementor-spacer\">\n\t\t\t<div class=\"elementor-spacer-inner\"><\/div>\n\t\t<\/div>\n\t\t\t\t\t\t<\/div>\n\t\t\t\t<\/div>\n\t\t\t\t<div class=\"elementor-element elementor-element-91c1355 elementor-widget elementor-widget-text-editor\" data-id=\"91c1355\" data-element_type=\"widget\" data-e-type=\"widget\" data-widget_type=\"text-editor.default\">\n\t\t\t\t<div class=\"elementor-widget-container\">\n\t\t\t\t\t\t\t\t\t<p>Chez La Parenth\u00e8se, nous nous effor\u00e7ons de fournir \u00e0 nos clients une exp\u00e9rience de r\u00e9servation exceptionnelle. Si pour une raison quelconque vous n&rsquo;\u00eates pas enti\u00e8rement satisfait de votre r\u00e9servation, nous sommes l\u00e0 pour vous aider.<\/p>\n<p><strong>Annulation et Remboursement<\/strong><\/p>\n<ol>\n<li>\n<p><strong>Annulation avant la date de r\u00e9servation :<\/strong> Si vous souhaitez annuler votre r\u00e9servation et obtenir un remboursement, veuillez nous contacter au moins 7 jours avant la date de votre r\u00e9servation pr\u00e9vue. Nous vous rembourserons int\u00e9gralement le montant de votre r\u00e9servation, moins tout frais \u00e9ventuel d\u00e9j\u00e0 engag\u00e9.<\/p>\n<\/li>\n<li>\n<p><strong>Annulation le jour de la r\u00e9servation :<\/strong> Les annulations effectu\u00e9es le jour de la r\u00e9servation ne sont g\u00e9n\u00e9ralement pas \u00e9ligibles \u00e0 un remboursement, sauf en cas de circonstances exceptionnelles. Veuillez nous contacter pour discuter de votre situation.<\/p>\n<\/li>\n<\/ol>\n<p><strong>Modification de la R\u00e9servation<\/strong><\/p>\n<p>Si vous avez besoin de modifier votre r\u00e9servation pour une autre date ou une autre heure, veuillez nous contacter d\u00e8s que possible. Nous ferons de notre mieux pour accommoder votre demande, sous r\u00e9serve de disponibilit\u00e9.<\/p>\n<p><strong>R\u00e9clamations et Probl\u00e8mes<\/strong><\/p>\n<p>Si vous rencontrez un probl\u00e8me ou si vous n&rsquo;\u00eates pas satisfait de votre exp\u00e9rience, veuillez nous contacter imm\u00e9diatement. Nous nous engageons \u00e0 r\u00e9soudre rapidement tout probl\u00e8me et \u00e0 vous offrir une solution satisfaisante.&nbsp;<\/p>\n<p>En commandant sur notre site vous vous engagez \u00e0 avoir lu&nbsp;<a style=\"font-size: 18px; text-align: var(--text-align); background-color: #ffffff;\" href=\"https:\/\/laparenthesecognac.fr\/en\/notre-reglement\/\" target=\"_blank\" rel=\"noopener\">Le R\u00e9glement<\/a>. En cas de non respect de ces consignes vous vous risquez \u00e0 des poursuites et aucune r\u00e9clamation ne pourra \u00eatre faite.<\/p>\n<p><strong>Politique de Retour<\/strong><\/p>\n<p>\u00c9tant donn\u00e9 la nature de nos services de r\u00e9servation en ligne, les retours ne sont g\u00e9n\u00e9ralement pas applicables. Tous les produits vous attendrons sur place.<\/p>\n<p>Cependant, si vous avez des pr\u00e9occupations ou des questions concernant votre exp\u00e9rience, n&rsquo;h\u00e9sitez pas \u00e0 nous contacter. Nous sommes l\u00e0 pour vous aider et pour nous assurer que vous \u00eates enti\u00e8rement satisfait de nos services.<\/p>\n<p><strong>Contact<\/strong><\/p>\n<p>Si vous avez des questions ou des pr\u00e9occupations concernant notre politique de remboursement et de retour, veuillez nous contacter \u00e0 :<\/p>\n<p>La Parenth\u00e8se<br>11 Rue Millardet<br>16100 Cognac<\/p><p><span style=\"color: rgb(8, 8, 9); font-family: &quot;Segoe UI Historic&quot;, &quot;Segoe UI&quot;, Helvetica, Arial, sans-serif; font-size: 15px; font-style: normal; font-variant-ligatures: normal; font-variant-caps: normal; font-weight: 400; white-space-collapse: preserve; background-color: rgb(240, 240, 240);\">+33 6 50 54 47 60<\/span><\/p><p>Adresse e-mail : <a rel=\"noreferrer\">laparenthese16@gmail.com<\/a><\/p>\t\t\t\t\t\t\t\t<\/div>\n\t\t\t\t<\/div>\n\t\t\t\t\t<\/div>\n\t\t\t\t<\/div>\n\t\t<div class=\"elementor-element elementor-element-bf67248 e-flex e-con-boxed e-con e-parent\" data-id=\"bf67248\" data-element_type=\"container\" data-e-type=\"container\">\n\t\t\t\t\t<div class=\"e-con-inner\">\n\t\t\t\t<div class=\"elementor-element elementor-element-8de3faa elementor-widget elementor-widget-spacer\" data-id=\"8de3faa\" data-element_type=\"widget\" data-e-type=\"widget\" data-widget_type=\"spacer.default\">\n\t\t\t\t<div class=\"elementor-widget-container\">\n\t\t\t\t\t\t\t<div class=\"elementor-spacer\">\n\t\t\t<div class=\"elementor-spacer-inner\"><\/div>\n\t\t<\/div>\n\t\t\t\t\t\t<\/div>\n\t\t\t\t<\/div>\n\t\t\t\t\t<\/div>\n\t\t\t\t<\/div>\n\t\t\t\t<\/div>","protected":false},"excerpt":{"rendered":"<p>&#8211; Politique de remboursement et de retour &#8211; Chez La Parenth\u00e8se, nous nous effor\u00e7ons de fournir \u00e0 nos clients une exp\u00e9rience de r\u00e9servation exceptionnelle. Si pour une raison quelconque vous n&rsquo;\u00eates pas enti\u00e8rement satisfait de votre r\u00e9servation, nous sommes l\u00e0 pour vous aider. Annulation et Remboursement Annulation avant la date de r\u00e9servation : Si vous [&hellip;]<\/p>\n","protected":false},"author":1,"featured_media":0,"parent":0,"menu_order":0,"comment_status":"closed","ping_status":"closed","template":"","meta":{"ocean_post_layout":"","ocean_both_sidebars_style":"","ocean_both_sidebars_content_width":0,"ocean_both_sidebars_sidebars_width":0,"ocean_sidebar":"","ocean_second_sidebar":"","ocean_disable_margins":"enable","ocean_add_body_class":"","ocean_shortcode_before_top_bar":"","ocean_shortcode_after_top_bar":"","ocean_shortcode_before_header":"","ocean_shortcode_after_header":"","ocean_has_shortcode":"","ocean_shortcode_after_title":"","ocean_shortcode_before_footer_widgets":"","ocean_shortcode_after_footer_widgets":"","ocean_shortcode_before_footer_bottom":"","ocean_shortcode_after_footer_bottom":"","ocean_display_top_bar":"default","ocean_display_header":"default","ocean_header_style":"","ocean_center_header_left_menu":"","ocean_custom_header_template":"","ocean_custom_logo":0,"ocean_custom_retina_logo":0,"ocean_custom_logo_max_width":0,"ocean_custom_logo_tablet_max_width":0,"ocean_custom_logo_mobile_max_width":0,"ocean_custom_logo_max_height":0,"ocean_custom_logo_tablet_max_height":0,"ocean_custom_logo_mobile_max_height":0,"ocean_header_custom_menu":"","ocean_menu_typo_font_family":"","ocean_menu_typo_font_subset":"","ocean_menu_typo_font_size":0,"ocean_menu_typo_font_size_tablet":0,"ocean_menu_typo_font_size_mobile":0,"ocean_menu_typo_font_size_unit":"px","ocean_menu_typo_font_weight":"","ocean_menu_typo_font_weight_tablet":"","ocean_menu_typo_font_weight_mobile":"","ocean_menu_typo_transform":"","ocean_menu_typo_transform_tablet":"","ocean_menu_typo_transform_mobile":"","ocean_menu_typo_line_height":0,"ocean_menu_typo_line_height_tablet":0,"ocean_menu_typo_line_height_mobile":0,"ocean_menu_typo_line_height_unit":"","ocean_menu_typo_spacing":0,"ocean_menu_typo_spacing_tablet":0,"ocean_menu_typo_spacing_mobile":0,"ocean_menu_typo_spacing_unit":"","ocean_menu_link_color":"","ocean_menu_link_color_hover":"","ocean_menu_link_color_active":"","ocean_menu_link_background":"","ocean_menu_link_hover_background":"","ocean_menu_link_active_background":"","ocean_menu_social_links_bg":"","ocean_menu_social_hover_links_bg":"","ocean_menu_social_links_color":"","ocean_menu_social_hover_links_color":"","ocean_disable_title":"default","ocean_disable_heading":"default","ocean_post_title":"","ocean_post_subheading":"","ocean_post_title_style":"","ocean_post_title_background_color":"","ocean_post_title_background":0,"ocean_post_title_bg_image_position":"","ocean_post_title_bg_image_attachment":"","ocean_post_title_bg_image_repeat":"","ocean_post_title_bg_image_size":"","ocean_post_title_height":0,"ocean_post_title_bg_overlay":0.5,"ocean_post_title_bg_overlay_color":"","ocean_disable_breadcrumbs":"default","ocean_breadcrumbs_color":"","ocean_breadcrumbs_separator_color":"","ocean_breadcrumbs_links_color":"","ocean_breadcrumbs_links_hover_color":"","ocean_display_footer_widgets":"default","ocean_display_footer_bottom":"default","ocean_custom_footer_template":"","footnotes":""},"class_list":["post-754","page","type-page","status-publish","hentry","entry","owp-thumbs-layout-horizontal","owp-btn-big","owp-tabs-layout-horizontal","has-no-thumbnails","has-product-nav"],"yoast_head":"<!-- This site is optimized with the Yoast SEO plugin v27.3 - https:\/\/yoast.com\/product\/yoast-seo-wordpress\/ -->\n<title>Politique de remboursement et de retour - La Parenth\u00e8se<\/title>\n<meta name=\"robots\" content=\"index, follow, max-snippet:-1, max-image-preview:large, max-video-preview:-1\" \/>\n<link rel=\"canonical\" href=\"https:\/\/laparenthesecognac.fr\/en\/politique-de-remboursement-et-de-retour\/\" \/>\n<meta property=\"og:locale\" content=\"en_GB\" \/>\n<meta property=\"og:type\" content=\"article\" \/>\n<meta property=\"og:title\" content=\"Politique de remboursement et de retour - La Parenth\u00e8se\" \/>\n<meta property=\"og:description\" content=\"&#8211; Politique de remboursement et de retour &#8211; Chez La Parenth\u00e8se, nous nous effor\u00e7ons de fournir \u00e0 nos clients une exp\u00e9rience de r\u00e9servation exceptionnelle. Si pour une raison quelconque vous n&rsquo;\u00eates pas enti\u00e8rement satisfait de votre r\u00e9servation, nous sommes l\u00e0 pour vous aider. Annulation et Remboursement Annulation avant la date de r\u00e9servation : Si vous [&hellip;]\" \/>\n<meta property=\"og:url\" content=\"https:\/\/laparenthesecognac.fr\/en\/politique-de-remboursement-et-de-retour\/\" \/>\n<meta property=\"og:site_name\" content=\"La Parenth\u00e8se\" \/>\n<meta property=\"article:modified_time\" content=\"2024-12-12T14:55:09+00:00\" \/>\n<meta name=\"twitter:card\" content=\"summary_large_image\" \/>\n<meta name=\"twitter:label1\" content=\"Estimated reading time\" \/>\n\t<meta name=\"twitter:data1\" content=\"2 minutes\" \/>\n<script type=\"application\/ld+json\" class=\"yoast-schema-graph\">{\"@context\":\"https:\\\/\\\/schema.org\",\"@graph\":[{\"@type\":\"WebPage\",\"@id\":\"https:\\\/\\\/laparenthesecognac.fr\\\/politique-de-remboursement-et-de-retour\\\/\",\"url\":\"https:\\\/\\\/laparenthesecognac.fr\\\/politique-de-remboursement-et-de-retour\\\/\",\"name\":\"Politique de remboursement et de retour - La Parenth\u00e8se\",\"isPartOf\":{\"@id\":\"https:\\\/\\\/laparenthesecognac.fr\\\/#website\"},\"datePublished\":\"2024-06-05T14:36:31+00:00\",\"dateModified\":\"2024-12-12T14:55:09+00:00\",\"breadcrumb\":{\"@id\":\"https:\\\/\\\/laparenthesecognac.fr\\\/politique-de-remboursement-et-de-retour\\\/#breadcrumb\"},\"inLanguage\":\"en-GB\",\"potentialAction\":[{\"@type\":\"ReadAction\",\"target\":[\"https:\\\/\\\/laparenthesecognac.fr\\\/politique-de-remboursement-et-de-retour\\\/\"]}]},{\"@type\":\"BreadcrumbList\",\"@id\":\"https:\\\/\\\/laparenthesecognac.fr\\\/politique-de-remboursement-et-de-retour\\\/#breadcrumb\",\"itemListElement\":[{\"@type\":\"ListItem\",\"position\":1,\"name\":\"Home\",\"item\":\"https:\\\/\\\/laparenthesecognac.fr\\\/\"},{\"@type\":\"ListItem\",\"position\":2,\"name\":\"Politique de remboursement et de retour\"}]},{\"@type\":\"WebSite\",\"@id\":\"https:\\\/\\\/laparenthesecognac.fr\\\/#website\",\"url\":\"https:\\\/\\\/laparenthesecognac.fr\\\/\",\"name\":\"La Parenth\u00e8se\",\"description\":\"Prenez le temps de faire une pause\",\"publisher\":{\"@id\":\"https:\\\/\\\/laparenthesecognac.fr\\\/#organization\"},\"potentialAction\":[{\"@type\":\"SearchAction\",\"target\":{\"@type\":\"EntryPoint\",\"urlTemplate\":\"https:\\\/\\\/laparenthesecognac.fr\\\/?s={search_term_string}\"},\"query-input\":{\"@type\":\"PropertyValueSpecification\",\"valueRequired\":true,\"valueName\":\"search_term_string\"}}],\"inLanguage\":\"en-GB\"},{\"@type\":\"Organization\",\"@id\":\"https:\\\/\\\/laparenthesecognac.fr\\\/#organization\",\"name\":\"La Parenth\u00e8se\",\"url\":\"https:\\\/\\\/laparenthesecognac.fr\\\/\",\"logo\":{\"@type\":\"ImageObject\",\"inLanguage\":\"en-GB\",\"@id\":\"https:\\\/\\\/laparenthesecognac.fr\\\/#\\\/schema\\\/logo\\\/image\\\/\",\"url\":\"https:\\\/\\\/laparenthesecognac.fr\\\/wp-content\\\/uploads\\\/2024\\\/04\\\/Logojimmyblancpng.png\",\"contentUrl\":\"https:\\\/\\\/laparenthesecognac.fr\\\/wp-content\\\/uploads\\\/2024\\\/04\\\/Logojimmyblancpng.png\",\"width\":377,\"height\":252,\"caption\":\"La Parenth\u00e8se\"},\"image\":{\"@id\":\"https:\\\/\\\/laparenthesecognac.fr\\\/#\\\/schema\\\/logo\\\/image\\\/\"}}]}<\/script>\n<!-- \/ Yoast SEO plugin. -->","yoast_head_json":{"title":"Politique de remboursement et de retour - La Parenth\u00e8se","robots":{"index":"index","follow":"follow","max-snippet":"max-snippet:-1","max-image-preview":"max-image-preview:large","max-video-preview":"max-video-preview:-1"},"canonical":"https:\/\/laparenthesecognac.fr\/en\/politique-de-remboursement-et-de-retour\/","og_locale":"en_GB","og_type":"article","og_title":"Politique de remboursement et de retour - La Parenth\u00e8se","og_description":"&#8211; Politique de remboursement et de retour &#8211; Chez La Parenth\u00e8se, nous nous effor\u00e7ons de fournir \u00e0 nos clients une exp\u00e9rience de r\u00e9servation exceptionnelle. Si pour une raison quelconque vous n&rsquo;\u00eates pas enti\u00e8rement satisfait de votre r\u00e9servation, nous sommes l\u00e0 pour vous aider. Annulation et Remboursement Annulation avant la date de r\u00e9servation : Si vous [&hellip;]","og_url":"https:\/\/laparenthesecognac.fr\/en\/politique-de-remboursement-et-de-retour\/","og_site_name":"La Parenth\u00e8se","article_modified_time":"2024-12-12T14:55:09+00:00","twitter_card":"summary_large_image","twitter_misc":{"Estimated reading time":"2 minutes"},"schema":{"@context":"https:\/\/schema.org","@graph":[{"@type":"WebPage","@id":"https:\/\/laparenthesecognac.fr\/politique-de-remboursement-et-de-retour\/","url":"https:\/\/laparenthesecognac.fr\/politique-de-remboursement-et-de-retour\/","name":"Politique de remboursement et de retour - La Parenth\u00e8se","isPartOf":{"@id":"https:\/\/laparenthesecognac.fr\/#website"},"datePublished":"2024-06-05T14:36:31+00:00","dateModified":"2024-12-12T14:55:09+00:00","breadcrumb":{"@id":"https:\/\/laparenthesecognac.fr\/politique-de-remboursement-et-de-retour\/#breadcrumb"},"inLanguage":"en-GB","potentialAction":[{"@type":"ReadAction","target":["https:\/\/laparenthesecognac.fr\/politique-de-remboursement-et-de-retour\/"]}]},{"@type":"BreadcrumbList","@id":"https:\/\/laparenthesecognac.fr\/politique-de-remboursement-et-de-retour\/#breadcrumb","itemListElement":[{"@type":"ListItem","position":1,"name":"Home","item":"https:\/\/laparenthesecognac.fr\/"},{"@type":"ListItem","position":2,"name":"Politique de remboursement et de retour"}]},{"@type":"WebSite","@id":"https:\/\/laparenthesecognac.fr\/#website","url":"https:\/\/laparenthesecognac.fr\/","name":"La Parenth\u00e8se","description":"Prenez le temps de faire une pause","publisher":{"@id":"https:\/\/laparenthesecognac.fr\/#organization"},"potentialAction":[{"@type":"SearchAction","target":{"@type":"EntryPoint","urlTemplate":"https:\/\/laparenthesecognac.fr\/?s={search_term_string}"},"query-input":{"@type":"PropertyValueSpecification","valueRequired":true,"valueName":"search_term_string"}}],"inLanguage":"en-GB"},{"@type":"Organization","@id":"https:\/\/laparenthesecognac.fr\/#organization","name":"La Parenth\u00e8se","url":"https:\/\/laparenthesecognac.fr\/","logo":{"@type":"ImageObject","inLanguage":"en-GB","@id":"https:\/\/laparenthesecognac.fr\/#\/schema\/logo\/image\/","url":"https:\/\/laparenthesecognac.fr\/wp-content\/uploads\/2024\/04\/Logojimmyblancpng.png","contentUrl":"https:\/\/laparenthesecognac.fr\/wp-content\/uploads\/2024\/04\/Logojimmyblancpng.png","width":377,"height":252,"caption":"La Parenth\u00e8se"},"image":{"@id":"https:\/\/laparenthesecognac.fr\/#\/schema\/logo\/image\/"}}]}},"_links":{"self":[{"href":"https:\/\/laparenthesecognac.fr\/en\/wp-json\/wp\/v2\/pages\/754","targetHints":{"allow":["GET"]}}],"collection":[{"href":"https:\/\/laparenthesecognac.fr\/en\/wp-json\/wp\/v2\/pages"}],"about":[{"href":"https:\/\/laparenthesecognac.fr\/en\/wp-json\/wp\/v2\/types\/page"}],"author":[{"embeddable":true,"href":"https:\/\/laparenthesecognac.fr\/en\/wp-json\/wp\/v2\/users\/1"}],"replies":[{"embeddable":true,"href":"https:\/\/laparenthesecognac.fr\/en\/wp-json\/wp\/v2\/comments?post=754"}],"version-history":[{"count":19,"href":"https:\/\/laparenthesecognac.fr\/en\/wp-json\/wp\/v2\/pages\/754\/revisions"}],"predecessor-version":[{"id":1720,"href":"https:\/\/laparenthesecognac.fr\/en\/wp-json\/wp\/v2\/pages\/754\/revisions\/1720"}],"wp:attachment":[{"href":"https:\/\/laparenthesecognac.fr\/en\/wp-json\/wp\/v2\/media?parent=754"}],"curies":[{"name":"wp","href":"https:\/\/api.w.org\/{rel}","templated":true}]}}